{"id":15,"date":"2026-02-10T16:19:52","date_gmt":"2026-02-10T15:19:52","guid":{"rendered":"https:\/\/progetti-demo.bidesign.it\/brand-abbigliamento\/about-us\/"},"modified":"2026-02-10T17:54:43","modified_gmt":"2026-02-10T16:54:43","slug":"chi-siamo","status":"publish","type":"page","link":"https:\/\/progetti-demo.bidesign.it\/brand-abbigliamento\/chi-siamo\/","title":{"rendered":"Chi siamo"},"content":{"rendered":"\t\t<div data-elementor-type=\"wp-page\" data-elementor-id=\"15\" class=\"elementor elementor-15\">\n\t\t\t\t<div class=\"elementor-element elementor-element-576916f e-flex e-con-boxed e-con e-parent\" data-id=\"576916f\" data-element_type=\"container\" data-e-type=\"container\" data-settings=\"{&quot;background_background&quot;:&quot;classic&quot;}\">\n\t\t\t\t\t<div class=\"e-con-inner\">\n\t\t<div class=\"elementor-element elementor-element-9dbd73e e-con-full e-flex e-con e-child\" data-id=\"9dbd73e\" data-element_type=\"container\" data-e-type=\"container\">\n\t\t\t\t<div class=\"elementor-element elementor-element-b4ad8cf elementor-widget elementor-widget-heading\" data-id=\"b4ad8cf\" data-element_type=\"widget\" data-e-type=\"widget\" data-widget_type=\"heading.default\">\n\t\t\t\t<div class=\"elementor-widget-container\">\n\t\t\t\t\t<h1 class=\"elementor-heading-title elementor-size-default\">Chi siamo<\/h1>\t\t\t\t<\/div>\n\t\t\t\t<\/div>\n\t\t\t\t<\/div>\n\t\t\t\t\t<\/div>\n\t\t\t\t<\/div>\n\t\t<div class=\"elementor-element elementor-element-5898f86 e-flex e-con-boxed e-con e-parent\" data-id=\"5898f86\" data-element_type=\"container\" data-e-type=\"container\">\n\t\t\t\t\t<div class=\"e-con-inner\">\n\t\t<div class=\"elementor-element elementor-element-a471c7a e-con-full e-flex e-con e-child\" data-id=\"a471c7a\" data-element_type=\"container\" data-e-type=\"container\">\n\t\t\t\t<div class=\"elementor-element elementor-element-602b490 elementor-widget elementor-widget-heading\" data-id=\"602b490\" data-element_type=\"widget\" data-e-type=\"widget\" data-widget_type=\"heading.default\">\n\t\t\t\t<div class=\"elementor-widget-container\">\n\t\t\t\t\t<h2 class=\"elementor-heading-title elementor-size-default\">Da visione a moda: la nascita di BrandStore<\/h2>\t\t\t\t<\/div>\n\t\t\t\t<\/div>\n\t\t\t\t<\/div>\n\t\t<div class=\"elementor-element elementor-element-3f51f8d e-con-full e-flex e-con e-child\" data-id=\"3f51f8d\" data-element_type=\"container\" data-e-type=\"container\">\n\t\t\t\t<div class=\"elementor-element elementor-element-310a9d8 elementor-widget elementor-widget-heading\" data-id=\"310a9d8\" data-element_type=\"widget\" data-e-type=\"widget\" data-widget_type=\"heading.default\">\n\t\t\t\t<div class=\"elementor-widget-container\">\n\t\t\t\t\t<h6 class=\"elementor-heading-title elementor-size-default\">La nostra storia<\/h6>\t\t\t\t<\/div>\n\t\t\t\t<\/div>\n\t\t\t\t<\/div>\n\t\t<div class=\"elementor-element elementor-element-e92d08f e-con-full e-flex e-con e-child\" data-id=\"e92d08f\" data-element_type=\"container\" data-e-type=\"container\">\n\t\t\t\t<div class=\"elementor-element elementor-element-db4cc49 elementor-widget elementor-widget-heading\" data-id=\"db4cc49\" data-element_type=\"widget\" data-e-type=\"widget\" data-widget_type=\"heading.default\">\n\t\t\t\t<div class=\"elementor-widget-container\">\n\t\t\t\t\t<h6 class=\"elementor-heading-title elementor-size-default\">Garanzia di qualit\u00e0<\/h6>\t\t\t\t<\/div>\n\t\t\t\t<\/div>\n\t\t\t\t<div class=\"elementor-element elementor-element-fcc7a1f elementor-widget elementor-widget-image-box\" data-id=\"fcc7a1f\" data-element_type=\"widget\" data-e-type=\"widget\" data-widget_type=\"image-box.default\">\n\t\t\t\t<div class=\"elementor-widget-container\">\n\t\t\t\t\t<div class=\"elementor-image-box-wrapper\"><div class=\"elementor-image-box-content\"><h2 class=\"elementor-image-box-title\">Siamo consapevoli che la moda \u00e8 un'espressione di identit\u00e0 e siamo orgogliosi di offrire prodotti che incarnano i pi\u00f9 elevati standard di qualit\u00e0.<\/h2><p class=\"elementor-image-box-description\">Il nostro percorso verso l'eccellenza inizia con un approvvigionamento meticoloso, in cui selezioniamo con cura materiali che soddisfano i nostri rigorosi criteri di durata, comfort e stile. Ogni capo \u00e8 realizzato con precisione nei nostri stabilimenti di produzione all'avanguardia, garantendo attenzione ai dettagli in ogni cucitura. Il nostro impegno per la qualit\u00e0 non finisce qui: rigorosi processi di controllo qualit\u00e0 garantiscono che ogni capo soddisfi i nostri standard rigorosi prima di arrivare nel tuo guardaroba. Affidatevi a BrandStore per una moda che non solo cattura l'attenzione, ma resiste alla prova del tempo.<\/p><\/div><\/div>\t\t\t\t<\/div>\n\t\t\t\t<\/div>\n\t\t\t\t<\/div>\n\t\t\t\t\t<\/div>\n\t\t\t\t<\/div>\n\t\t<div class=\"elementor-element elementor-element-bdafa3c e-flex e-con-boxed e-con e-parent\" data-id=\"bdafa3c\" data-element_type=\"container\" data-e-type=\"container\" data-settings=\"{&quot;background_background&quot;:&quot;classic&quot;}\">\n\t\t\t\t\t<div class=\"e-con-inner\">\n\t\t<div class=\"elementor-element elementor-element-f643276 e-con-full e-flex e-con e-child\" data-id=\"f643276\" data-element_type=\"container\" data-e-type=\"container\">\n\t\t\t\t<div class=\"elementor-element elementor-element-3f174b6 elementor-widget elementor-widget-heading\" data-id=\"3f174b6\" data-element_type=\"widget\" data-e-type=\"widget\" data-widget_type=\"heading.default\">\n\t\t\t\t<div class=\"elementor-widget-container\">\n\t\t\t\t\t<h6 class=\"elementor-heading-title elementor-size-default\">Approccio incentrato sul cliente<\/h6>\t\t\t\t<\/div>\n\t\t\t\t<\/div>\n\t\t\t\t<div class=\"elementor-element elementor-element-1cf2f8a elementor-widget elementor-widget-image-box\" data-id=\"1cf2f8a\" data-element_type=\"widget\" data-e-type=\"widget\" data-widget_type=\"image-box.default\">\n\t\t\t\t<div class=\"elementor-widget-container\">\n\t\t\t\t\t<div class=\"elementor-image-box-wrapper\"><div class=\"elementor-image-box-content\"><h2 class=\"elementor-image-box-title\">Oltre la moda: promuovere un'esperienza incentrata sul cliente<\/h2><p class=\"elementor-image-box-description\">Crediamo che l'essenza del nostro successo risieda nella soddisfazione dei nostri clienti. Il nostro impegno nel fornire un'esperienza di acquisto eccezionale va oltre le tendenze e gli stili: si tratta di comprendere e soddisfare le esigenze uniche di ogni persona che sceglie BrandStore. Dai consigli personalizzati ai resi senza complicazioni, abbiamo creato ogni aspetto del nostro servizio pensando a te. Il nostro team di assistenza clienti dedicato \u00e8 qui per garantire che la tua esperienza con noi sia fluida, piacevole e superi le tue aspettative. Unitevi alla nostra comunit\u00e0 di appassionati di moda, dove la vostra soddisfazione non \u00e8 solo una priorit\u00e0, ma la nostra passione.<\/p><\/div><\/div>\t\t\t\t<\/div>\n\t\t\t\t<\/div>\n\t\t\t\t<\/div>\n\t\t\t\t\t<\/div>\n\t\t\t\t<\/div>\n\t\t<div class=\"elementor-element elementor-element-0630b1e e-flex e-con-boxed e-con e-parent\" data-id=\"0630b1e\" data-element_type=\"container\" data-e-type=\"container\">\n\t\t\t\t\t<div class=\"e-con-inner\">\n\t\t<div class=\"elementor-element elementor-element-8f65fb9 e-con-full e-flex e-con e-child\" data-id=\"8f65fb9\" data-element_type=\"container\" data-e-type=\"container\">\n\t\t\t\t<div class=\"elementor-element elementor-element-1c16a3a elementor-widget elementor-widget-heading\" data-id=\"1c16a3a\" data-element_type=\"widget\" data-e-type=\"widget\" data-widget_type=\"heading.default\">\n\t\t\t\t<div class=\"elementor-widget-container\">\n\t\t\t\t\t<h6 class=\"elementor-heading-title elementor-size-default\">Iniziative di sostenibilit\u00e0<\/h6>\t\t\t\t<\/div>\n\t\t\t\t<\/div>\n\t\t\t\t<div class=\"elementor-element elementor-element-005576a elementor-widget elementor-widget-heading\" data-id=\"005576a\" data-element_type=\"widget\" data-e-type=\"widget\" data-widget_type=\"heading.default\">\n\t\t\t\t<div class=\"elementor-widget-container\">\n\t\t\t\t\t<h2 class=\"elementor-heading-title elementor-size-default\">Moda consapevole per un domani migliore<br><\/h2>\t\t\t\t<\/div>\n\t\t\t\t<\/div>\n\t\t\t\t<\/div>\n\t\t<div class=\"elementor-element elementor-element-85f2501 e-con-full e-flex e-con e-child\" data-id=\"85f2501\" data-element_type=\"container\" data-e-type=\"container\">\n\t\t\t\t<div class=\"elementor-element elementor-element-d9bb7eb elementor-widget elementor-widget-heading\" data-id=\"d9bb7eb\" data-element_type=\"widget\" data-e-type=\"widget\" data-widget_type=\"heading.default\">\n\t\t\t\t<div class=\"elementor-widget-container\">\n\t\t\t\t\t<h5 class=\"elementor-heading-title elementor-size-default\"> Riconosciamo la responsabilit\u00e0 che abbiamo nel plasmare un futuro pi\u00f9 sostenibile per la moda. Il nostro impegno verso pratiche eco-compatibili e scelte di moda sostenibili \u00e8 al centro di ci\u00f2 che facciamo.<\/h5>\t\t\t\t<\/div>\n\t\t\t\t<\/div>\n\t\t\t\t<\/div>\n\t\t<div class=\"elementor-element elementor-element-eead996 e-con-full e-flex e-con e-child\" data-id=\"eead996\" data-element_type=\"container\" data-e-type=\"container\">\n\t\t\t\t<div class=\"elementor-element elementor-element-79fd198 elementor-widget elementor-widget-text-editor\" data-id=\"79fd198\" data-element_type=\"widget\" data-e-type=\"widget\" data-widget_type=\"text-editor.default\">\n\t\t\t\t<div class=\"elementor-widget-container\">\n\t\t\t\t\t\t\t\t\t<p>Dall&#8217;attenta selezione di materiali provenienti da fonti etiche all&#8217;implementazione di processi di produzione rispettosi dell&#8217;ambiente, ogni passo che compiamo \u00e8 un passo avanti verso un&#8217;industria pi\u00f9 verde e sostenibile.<\/p><p>Diamo priorit\u00e0 alla trasparenza nella nostra catena di approvvigionamento, collaborando con fornitori che condividono i nostri valori di pratiche lavorative eque e tutela dell&#8217;ambiente. Le nostre scelte di moda sostenibile si estendono anche al packaging: utilizziamo materiali riciclabili per ridurre al minimo il nostro impatto ambientale. Unitevi a noi in questo viaggio verso una moda consapevole, dove lo stile incontra la responsabilit\u00e0 e ogni acquisto contribuisce a un domani pi\u00f9 luminoso ed ecologico.<\/p>\t\t\t\t\t\t\t\t<\/div>\n\t\t\t\t<\/div>\n\t\t\t\t<\/div>\n\t\t\t\t\t<\/div>\n\t\t\t\t<\/div>\n\t\t<div class=\"elementor-element elementor-element-f314b97 e-flex e-con-boxed e-con e-parent\" data-id=\"f314b97\" data-element_type=\"container\" data-e-type=\"container\" data-settings=\"{&quot;background_background&quot;:&quot;classic&quot;}\">\n\t\t\t\t\t<div class=\"e-con-inner\">\n\t\t<div class=\"elementor-element elementor-element-453d73e e-con-full e-flex e-con e-child\" data-id=\"453d73e\" data-element_type=\"container\" data-e-type=\"container\">\n\t\t\t\t<div class=\"elementor-element elementor-element-9e56725 elementor-widget elementor-widget-image-box\" data-id=\"9e56725\" data-element_type=\"widget\" data-e-type=\"widget\" data-widget_type=\"image-box.default\">\n\t\t\t\t<div class=\"elementor-widget-container\">\n\t\t\t\t\t<div class=\"elementor-image-box-wrapper\"><div class=\"elementor-image-box-content\"><h2 class=\"elementor-image-box-title\">Arricchisci il tuo guardaroba, abbraccia uno stile senza tempo!<\/h2><p class=\"elementor-image-box-description\">Esplora oggi stesso le nostre collezioni e vivi la gioia della moda. Acquista ora il massimo della raffinatezza chic!<\/p><\/div><\/div>\t\t\t\t<\/div>\n\t\t\t\t<\/div>\n\t\t\t\t<div class=\"elementor-element elementor-element-b2c8aa4 elementor-widget elementor-widget-button\" data-id=\"b2c8aa4\" data-element_type=\"widget\" data-e-type=\"widget\" data-widget_type=\"button.default\">\n\t\t\t\t<div class=\"elementor-widget-container\">\n\t\t\t\t\t\t\t\t\t<div class=\"elementor-button-wrapper\">\n\t\t\t\t\t<a class=\"elementor-button elementor-button-link elementor-size-sm\" href=\"https:\/\/progetti-demo.bidesign.it\/brand-abbigliamento\/shop\/\">\n\t\t\t\t\t\t<span class=\"elementor-button-content-wrapper\">\n\t\t\t\t\t\t\t\t\t<span class=\"elementor-button-text\">Vai al negozio<\/span>\n\t\t\t\t\t<\/span>\n\t\t\t\t\t<\/a>\n\t\t\t\t<\/div>\n\t\t\t\t\t\t\t\t<\/div>\n\t\t\t\t<\/div>\n\t\t\t\t<\/div>\n\t\t\t\t\t<\/div>\n\t\t\t\t<\/div>\n\t\t\t\t<\/div>\n\t\t","protected":false},"excerpt":{"rendered":"<p>Chi siamo Da visione a moda: la nascita di BrandStore La nostra storia Il nostro viaggio \u00e8 iniziato con una [&hellip;]<\/p>\n","protected":false},"author":1,"featured_media":0,"parent":0,"menu_order":3,"comment_status":"closed","ping_status":"closed","template":"","meta":{"site-sidebar-layout":"no-sidebar","site-content-layout":"","ast-site-content-layout":"full-width-container","site-content-style":"default","site-sidebar-style":"default","ast-global-header-display":"","ast-banner-title-visibility":"","ast-main-header-display":"","ast-hfb-above-header-display":"","ast-hfb-below-header-display":"","ast-hfb-mobile-header-display":"","site-post-title":"disabled","ast-breadcrumbs-content":"","ast-featured-img":"disabled","footer-sml-layout":"","ast-disable-related-posts":"","theme-transparent-header-meta":"enabled","adv-header-id-meta":"","stick-header-meta":"","header-above-stick-meta":"","header-main-stick-meta":"","header-below-stick-meta":"","astra-migrate-meta-layouts":"default","ast-page-background-enabled":"default","ast-page-background-meta":{"desktop":{"background-color":"var(--ast-global-color-4)","background-image":"","background-repeat":"repeat","background-position":"center center","background-size":"auto","background-attachment":"scroll","background-type":"","background-media":"","overlay-type":"","overlay-color":"","overlay-opacity":"","overlay-gradient":""},"tablet":{"background-color":"","background-image":"","background-repeat":"repeat","background-position":"center center","background-size":"auto","background-attachment":"scroll","background-type":"","background-media":"","overlay-type":"","overlay-color":"","overlay-opacity":"","overlay-gradient":""},"mobile":{"background-color":"","background-image":"","background-repeat":"repeat","background-position":"center center","background-size":"auto","background-attachment":"scroll","background-type":"","background-media":"","overlay-type":"","overlay-color":"","overlay-opacity":"","overlay-gradient":""}},"ast-content-background-meta":{"desktop":{"background-color":"var(--ast-global-color-5)","background-image":"","background-repeat":"repeat","background-position":"center center","background-size":"auto","background-attachment":"scroll","background-type":"","background-media":"","overlay-type":"","overlay-color":"","overlay-opacity":"","overlay-gradient":""},"tablet":{"background-color":"var(--ast-global-color-5)","background-image":"","background-repeat":"repeat","background-position":"center center","background-size":"auto","background-attachment":"scroll","background-type":"","background-media":"","overlay-type":"","overlay-color":"","overlay-opacity":"","overlay-gradient":""},"mobile":{"background-color":"var(--ast-global-color-5)","background-image":"","background-repeat":"repeat","background-position":"center center","background-size":"auto","background-attachment":"scroll","background-type":"","background-media":"","overlay-type":"","overlay-color":"","overlay-opacity":"","overlay-gradient":""}},"_joinchat":[],"footnotes":""},"class_list":["post-15","page","type-page","status-publish","hentry"],"yoast_head":"<!-- This site is optimized with the Yoast SEO plugin v27.3 - https:\/\/yoast.com\/product\/yoast-seo-wordpress\/ -->\n<title>Chi siamo - BrandStore<\/title>\n<meta name=\"robots\" content=\"index, follow, max-snippet:-1, max-image-preview:large, max-video-preview:-1\" \/>\n<link rel=\"canonical\" href=\"https:\/\/progetti-demo.bidesign.it\/brand-abbigliamento\/chi-siamo\/\" \/>\n<meta property=\"og:locale\" content=\"it_IT\" \/>\n<meta property=\"og:type\" content=\"article\" \/>\n<meta property=\"og:title\" content=\"Chi siamo - BrandStore\" \/>\n<meta property=\"og:description\" content=\"Chi siamo Da visione a moda: la nascita di BrandStore La nostra storia Il nostro viaggio \u00e8 iniziato con una [&hellip;]\" \/>\n<meta property=\"og:url\" content=\"https:\/\/progetti-demo.bidesign.it\/brand-abbigliamento\/chi-siamo\/\" \/>\n<meta property=\"og:site_name\" content=\"BrandStore\" \/>\n<meta property=\"article:modified_time\" content=\"2026-02-10T16:54:43+00:00\" \/>\n<meta name=\"twitter:card\" content=\"summary_large_image\" \/>\n<meta name=\"twitter:label1\" content=\"Tempo di lettura stimato\" \/>\n\t<meta name=\"twitter:data1\" content=\"3 minuti\" \/>\n<script type=\"application\/ld+json\" class=\"yoast-schema-graph\">{\"@context\":\"https:\\\/\\\/schema.org\",\"@graph\":[{\"@type\":\"WebPage\",\"@id\":\"https:\\\/\\\/progetti-demo.bidesign.it\\\/brand-abbigliamento\\\/chi-siamo\\\/\",\"url\":\"https:\\\/\\\/progetti-demo.bidesign.it\\\/brand-abbigliamento\\\/chi-siamo\\\/\",\"name\":\"Chi siamo - BrandStore\",\"isPartOf\":{\"@id\":\"https:\\\/\\\/progetti-demo.bidesign.it\\\/brand-abbigliamento\\\/#website\"},\"datePublished\":\"2026-02-10T15:19:52+00:00\",\"dateModified\":\"2026-02-10T16:54:43+00:00\",\"breadcrumb\":{\"@id\":\"https:\\\/\\\/progetti-demo.bidesign.it\\\/brand-abbigliamento\\\/chi-siamo\\\/#breadcrumb\"},\"inLanguage\":\"it-IT\",\"potentialAction\":[{\"@type\":\"ReadAction\",\"target\":[\"https:\\\/\\\/progetti-demo.bidesign.it\\\/brand-abbigliamento\\\/chi-siamo\\\/\"]}]},{\"@type\":\"BreadcrumbList\",\"@id\":\"https:\\\/\\\/progetti-demo.bidesign.it\\\/brand-abbigliamento\\\/chi-siamo\\\/#breadcrumb\",\"itemListElement\":[{\"@type\":\"ListItem\",\"position\":1,\"name\":\"Home\",\"item\":\"https:\\\/\\\/progetti-demo.bidesign.it\\\/brand-abbigliamento\\\/\"},{\"@type\":\"ListItem\",\"position\":2,\"name\":\"Chi siamo\"}]},{\"@type\":\"WebSite\",\"@id\":\"https:\\\/\\\/progetti-demo.bidesign.it\\\/brand-abbigliamento\\\/#website\",\"url\":\"https:\\\/\\\/progetti-demo.bidesign.it\\\/brand-abbigliamento\\\/\",\"name\":\"BrandStore\",\"description\":\"\",\"publisher\":{\"@id\":\"https:\\\/\\\/progetti-demo.bidesign.it\\\/brand-abbigliamento\\\/#organization\"},\"potentialAction\":[{\"@type\":\"SearchAction\",\"target\":{\"@type\":\"EntryPoint\",\"urlTemplate\":\"https:\\\/\\\/progetti-demo.bidesign.it\\\/brand-abbigliamento\\\/?s={search_term_string}\"},\"query-input\":{\"@type\":\"PropertyValueSpecification\",\"valueRequired\":true,\"valueName\":\"search_term_string\"}}],\"inLanguage\":\"it-IT\"},{\"@type\":\"Organization\",\"@id\":\"https:\\\/\\\/progetti-demo.bidesign.it\\\/brand-abbigliamento\\\/#organization\",\"name\":\"BrandStore\",\"url\":\"https:\\\/\\\/progetti-demo.bidesign.it\\\/brand-abbigliamento\\\/\",\"logo\":{\"@type\":\"ImageObject\",\"inLanguage\":\"it-IT\",\"@id\":\"https:\\\/\\\/progetti-demo.bidesign.it\\\/brand-abbigliamento\\\/#\\\/schema\\\/logo\\\/image\\\/\",\"url\":\"https:\\\/\\\/progetti-demo.bidesign.it\\\/brand-abbigliamento\\\/wp-content\\\/uploads\\\/sites\\\/71\\\/2026\\\/02\\\/cropped-Loghi-configuratore-BiDesign-Photoroom.png\",\"contentUrl\":\"https:\\\/\\\/progetti-demo.bidesign.it\\\/brand-abbigliamento\\\/wp-content\\\/uploads\\\/sites\\\/71\\\/2026\\\/02\\\/cropped-Loghi-configuratore-BiDesign-Photoroom.png\",\"width\":511,\"height\":511,\"caption\":\"BrandStore\"},\"image\":{\"@id\":\"https:\\\/\\\/progetti-demo.bidesign.it\\\/brand-abbigliamento\\\/#\\\/schema\\\/logo\\\/image\\\/\"}}]}<\/script>\n<!-- \/ Yoast SEO plugin. -->","yoast_head_json":{"title":"Chi siamo - BrandStore","robots":{"index":"index","follow":"follow","max-snippet":"max-snippet:-1","max-image-preview":"max-image-preview:large","max-video-preview":"max-video-preview:-1"},"canonical":"https:\/\/progetti-demo.bidesign.it\/brand-abbigliamento\/chi-siamo\/","og_locale":"it_IT","og_type":"article","og_title":"Chi siamo - BrandStore","og_description":"Chi siamo Da visione a moda: la nascita di BrandStore La nostra storia Il nostro viaggio \u00e8 iniziato con una [&hellip;]","og_url":"https:\/\/progetti-demo.bidesign.it\/brand-abbigliamento\/chi-siamo\/","og_site_name":"BrandStore","article_modified_time":"2026-02-10T16:54:43+00:00","twitter_card":"summary_large_image","twitter_misc":{"Tempo di lettura stimato":"3 minuti"},"schema":{"@context":"https:\/\/schema.org","@graph":[{"@type":"WebPage","@id":"https:\/\/progetti-demo.bidesign.it\/brand-abbigliamento\/chi-siamo\/","url":"https:\/\/progetti-demo.bidesign.it\/brand-abbigliamento\/chi-siamo\/","name":"Chi siamo - BrandStore","isPartOf":{"@id":"https:\/\/progetti-demo.bidesign.it\/brand-abbigliamento\/#website"},"datePublished":"2026-02-10T15:19:52+00:00","dateModified":"2026-02-10T16:54:43+00:00","breadcrumb":{"@id":"https:\/\/progetti-demo.bidesign.it\/brand-abbigliamento\/chi-siamo\/#breadcrumb"},"inLanguage":"it-IT","potentialAction":[{"@type":"ReadAction","target":["https:\/\/progetti-demo.bidesign.it\/brand-abbigliamento\/chi-siamo\/"]}]},{"@type":"BreadcrumbList","@id":"https:\/\/progetti-demo.bidesign.it\/brand-abbigliamento\/chi-siamo\/#breadcrumb","itemListElement":[{"@type":"ListItem","position":1,"name":"Home","item":"https:\/\/progetti-demo.bidesign.it\/brand-abbigliamento\/"},{"@type":"ListItem","position":2,"name":"Chi siamo"}]},{"@type":"WebSite","@id":"https:\/\/progetti-demo.bidesign.it\/brand-abbigliamento\/#website","url":"https:\/\/progetti-demo.bidesign.it\/brand-abbigliamento\/","name":"BrandStore","description":"","publisher":{"@id":"https:\/\/progetti-demo.bidesign.it\/brand-abbigliamento\/#organization"},"potentialAction":[{"@type":"SearchAction","target":{"@type":"EntryPoint","urlTemplate":"https:\/\/progetti-demo.bidesign.it\/brand-abbigliamento\/?s={search_term_string}"},"query-input":{"@type":"PropertyValueSpecification","valueRequired":true,"valueName":"search_term_string"}}],"inLanguage":"it-IT"},{"@type":"Organization","@id":"https:\/\/progetti-demo.bidesign.it\/brand-abbigliamento\/#organization","name":"BrandStore","url":"https:\/\/progetti-demo.bidesign.it\/brand-abbigliamento\/","logo":{"@type":"ImageObject","inLanguage":"it-IT","@id":"https:\/\/progetti-demo.bidesign.it\/brand-abbigliamento\/#\/schema\/logo\/image\/","url":"https:\/\/progetti-demo.bidesign.it\/brand-abbigliamento\/wp-content\/uploads\/sites\/71\/2026\/02\/cropped-Loghi-configuratore-BiDesign-Photoroom.png","contentUrl":"https:\/\/progetti-demo.bidesign.it\/brand-abbigliamento\/wp-content\/uploads\/sites\/71\/2026\/02\/cropped-Loghi-configuratore-BiDesign-Photoroom.png","width":511,"height":511,"caption":"BrandStore"},"image":{"@id":"https:\/\/progetti-demo.bidesign.it\/brand-abbigliamento\/#\/schema\/logo\/image\/"}}]}},"_links":{"self":[{"href":"https:\/\/progetti-demo.bidesign.it\/brand-abbigliamento\/wp-json\/wp\/v2\/pages\/15","targetHints":{"allow":["GET"]}}],"collection":[{"href":"https:\/\/progetti-demo.bidesign.it\/brand-abbigliamento\/wp-json\/wp\/v2\/pages"}],"about":[{"href":"https:\/\/progetti-demo.bidesign.it\/brand-abbigliamento\/wp-json\/wp\/v2\/types\/page"}],"author":[{"embeddable":true,"href":"https:\/\/progetti-demo.bidesign.it\/brand-abbigliamento\/wp-json\/wp\/v2\/users\/1"}],"replies":[{"embeddable":true,"href":"https:\/\/progetti-demo.bidesign.it\/brand-abbigliamento\/wp-json\/wp\/v2\/comments?post=15"}],"version-history":[{"count":7,"href":"https:\/\/progetti-demo.bidesign.it\/brand-abbigliamento\/wp-json\/wp\/v2\/pages\/15\/revisions"}],"predecessor-version":[{"id":1104,"href":"https:\/\/progetti-demo.bidesign.it\/brand-abbigliamento\/wp-json\/wp\/v2\/pages\/15\/revisions\/1104"}],"wp:attachment":[{"href":"https:\/\/progetti-demo.bidesign.it\/brand-abbigliamento\/wp-json\/wp\/v2\/media?parent=15"}],"curies":[{"name":"wp","href":"https:\/\/api.w.org\/{rel}","templated":true}]}}